{"id":2290,"date":"2025-11-06T11:03:39","date_gmt":"2025-11-06T11:03:39","guid":{"rendered":"https:\/\/www.manuelapequeno.com\/accessibility-statement\/"},"modified":"2026-01-08T12:24:28","modified_gmt":"2026-01-08T12:24:28","slug":"accessibility-statement","status":"publish","type":"page","link":"https:\/\/www.manuelapequeno.com\/en\/accessibility-statement\/","title":{"rendered":"Accessibility Statement"},"content":{"rendered":"\n<p style=\"font-size:17px\">Manuela Peque\u00f1o is committed to providing a website that is fully accessible to all users, including those who use assistive technologies such as screen readers, screen magnification programmes, and alternative keyboard input devices to navigate the web.<\/p>\n\n\n\n<h2 class=\"wp-block-heading\" style=\"font-size:22px\">Compliance Status<\/h2>\n\n\n\n<p style=\"font-size:17px\">This website is &nbsp;<strong>partially compliant&nbsp;<\/strong> with RD 1112\/2018 due to the non-compliance of the aspects indicated below.<\/p>\n\n\n\n<h2 class=\"wp-block-heading\" style=\"font-size:22px\">Ongoing Efforts to Ensure Accessibility<\/h2>\n\n\n\n<p style=\"font-size:17px\">We follow the&nbsp;<a href=\"https:\/\/www.w3.org\/TR\/WCAG21\/\" target=\"_blank\" rel=\"noreferrer noopener\">Web Content Accessibility Guidelines (WCAG) version 2.1<\/a> &nbsp; as the guiding principle for determining accessibility. These are internationally agreed standards covering a wide range of recommendations and best practices for making content usable. As we add new pages and features to our website, all designs, code and content input practices are checked against these standards.<br>Website accessibility is an ongoing process. We continuously check that content and features comply with WCAG 2.1 level AA and correct any issues to ensure we meet or exceed the standards.   <\/p>\n\n\n\n<h2 class=\"wp-block-heading\" style=\"font-size:22px\">Inaccessible Content<\/h2>\n\n\n\n<p style=\"font-size:17px\">The content below is not accessible for the following reasons:<\/p>\n\n\n\n<ul class=\"wp-block-list\">\n<li style=\"font-size:17px\">non-compliance with RD 1112\/2018\n<ul class=\"wp-block-list\">\n<li style=\"font-size:17px\">Images can be found without accompanying explanatory text.<\/li>\n\n\n\n<li>Incorrect tag nesting can still be found.<\/li>\n\n\n\n<li>There may be editing errors on the website.<\/li>\n<\/ul>\n<\/li>\n\n\n\n<li style=\"font-size:17px\">Disproportionate loading\n<ul class=\"wp-block-list\">\n<li>Not applicable.<\/li>\n<\/ul>\n<\/li>\n\n\n\n<li style=\"font-size:17px\">The content does not fall within the scope of applicable legislation.\n<ul class=\"wp-block-list\">\n<li>There are office files in PDF format that do not fully comply with all accessibility requirements.<\/li>\n<\/ul>\n<\/li>\n<\/ul>\n\n\n\n<h2 class=\"wp-block-heading\" style=\"font-size:22px\">Preparation of this Accessibility Statement:<\/h2>\n\n\n\n<p style=\"font-size:17px\">This statement was prepared on 12 November 2025.<br>The method used to prepare the statement was a self-assessment carried out by the organisation&#8217;s accessibility team.<br>Last review of the statement: 12 November 2025.<\/p>\n\n\n\n<h2 class=\"wp-block-heading\" style=\"font-size:22px\">Comments and Contact Details:<\/h2>\n\n\n\n<p>You may communicate accessibility requirements (Article 10.2.a) of RD 1112\/2018), such as:<\/p>\n\n\n\n<ul class=\"wp-block-list\">\n<li>Report any possible breaches by this website.<\/li>\n\n\n\n<li>Convey other difficulties in accessing content.<\/li>\n\n\n\n<li>Submit any other queries or suggestions for improvement regarding the accessibility of the website.<\/li>\n<\/ul>\n\n\n\n<p>Please indicate in the subject line: \u2018Web Accessibility\u2019&nbsp;<br>Communications will be received and handled by the Accessibility team.<\/p>\n\n\n\n<h2 class=\"wp-block-heading\" style=\"font-size:22px\">Accessibility on Our Website<\/h2>\n\n\n\n<p>Below is a list of features we have included on our website to improve its accessibility:<\/p>\n\n\n\n<p><strong>Optional content<\/strong><br>This website has adopted a series of measures aimed at improving accessibility. The advantages of this include:<br>Facilitating access for people regardless of their physical condition or environment.<br>Including clear and well-structured content.<br>Improving navigation and user experience.<br>Among the measures adopted: <\/p>\n\n\n\n<p><strong>Left-hand side accessibility button<\/strong><br>All pages on the website have a button on the left-hand side with an accessibility symbol. Clicking on this button opens a pop-up window with the different visual accessibility options that may affect the website.<\/p>\n\n\n\n<figure class=\"wp-block-image\"><img decoding=\"async\" src=\"https:\/\/www.profundapsicologia.com\/wp-content\/uploads\/2025\/07\/Plugin-Accesibilidad-Icono-lateral.webp\" alt=\"\" class=\"wp-image-1639\"><\/figure>\n\n\n\n<p><strong>Keyboard shortcuts<\/strong><br>Internet Explorer 6 or higher: ALT + Access key + ENTER key<br>Mozilla Firefox 2.0 or higher: ALT + SHIFT + Access key (configuration \u2013 advanced in browser with two keys)<br>Opera: Shift key + Esc to activate access keys<br>MacOS: CONTROL + Access key.<br>Chrome: ALT + Access key.<\/p>\n\n\n\n<h2 class=\"wp-block-heading\" style=\"font-size:22px\">Accessibility Support Contact<\/h2>\n\n\n\n<p>We welcome your comments, questions, and feedback about our website. If you use assistive technologies and have difficulty using our website, please email us. We will do our utmost to assist you and resolve your issues.<\/p>\n","protected":false},"excerpt":{"rendered":"<p>Manuela Peque\u00f1o is committed to providing a website that is fully accessible to all users, including those who use assistive technologies such as screen readers, screen magnification programmes, and alternative keyboard input devices to navigate the web. Compliance Status This website is &nbsp;partially compliant&nbsp; with RD 1112\/2018 due to the non-compliance of the aspects indicated&#8230;<\/p>\n","protected":false},"author":1,"featured_media":0,"parent":0,"menu_order":0,"comment_status":"closed","ping_status":"closed","template":"","meta":{"_kadence_starter_templates_imported_post":false,"_kad_post_transparent":"","_kad_post_title":"","_kad_post_layout":"narrow","_kad_post_sidebar_id":"","_kad_post_content_style":"boxed","_kad_post_vertical_padding":"","_kad_post_feature":"","_kad_post_feature_position":"","_kad_post_header":false,"_kad_post_footer":false,"_kad_post_classname":"","footnotes":""},"class_list":["post-2290","page","type-page","status-publish","hentry"],"yoast_head":"<!-- This site is optimized with the Yoast SEO plugin v27.0 - https:\/\/yoast.com\/product\/yoast-seo-wordpress\/ -->\n<title>Accessibility Statement - Manuela Peque\u00f1o<\/title>\n<meta name=\"robots\" content=\"noindex, follow\" \/>\n<meta property=\"og:locale\" content=\"en_US\" \/>\n<meta property=\"og:type\" content=\"article\" \/>\n<meta property=\"og:title\" content=\"Accessibility Statement - Manuela Peque\u00f1o\" \/>\n<meta property=\"og:description\" content=\"Manuela Peque\u00f1o is committed to providing a website that is fully accessible to all users, including those who use assistive technologies such as screen readers, screen magnification programmes, and alternative keyboard input devices to navigate the web. Compliance Status This website is &nbsp;partially compliant&nbsp; with RD 1112\/2018 due to the non-compliance of the aspects indicated...\" \/>\n<meta property=\"og:url\" content=\"https:\/\/www.manuelapequeno.com\/en\/accessibility-statement\/\" \/>\n<meta property=\"og:site_name\" content=\"Manuela Peque\u00f1o\" \/>\n<meta property=\"article:modified_time\" content=\"2026-01-08T12:24:28+00:00\" \/>\n<meta property=\"og:image\" content=\"https:\/\/www.profundapsicologia.com\/wp-content\/uploads\/2025\/07\/Plugin-Accesibilidad-Icono-lateral.webp\" \/>\n<meta name=\"twitter:card\" content=\"summary_large_image\" \/>\n<meta name=\"twitter:label1\" content=\"Est. reading time\" \/>\n\t<meta name=\"twitter:data1\" content=\"3 minutes\" \/>\n<script type=\"application\/ld+json\" class=\"yoast-schema-graph\">{\"@context\":\"https:\/\/schema.org\",\"@graph\":[{\"@type\":\"WebPage\",\"@id\":\"https:\/\/www.manuelapequeno.com\/en\/accessibility-statement\/\",\"url\":\"https:\/\/www.manuelapequeno.com\/en\/accessibility-statement\/\",\"name\":\"Accessibility Statement - Manuela Peque\u00f1o\",\"isPartOf\":{\"@id\":\"http:\/\/www.manuelapequeno.com\/#website\"},\"primaryImageOfPage\":{\"@id\":\"https:\/\/www.manuelapequeno.com\/en\/accessibility-statement\/#primaryimage\"},\"image\":{\"@id\":\"https:\/\/www.manuelapequeno.com\/en\/accessibility-statement\/#primaryimage\"},\"thumbnailUrl\":\"https:\/\/www.profundapsicologia.com\/wp-content\/uploads\/2025\/07\/Plugin-Accesibilidad-Icono-lateral.webp\",\"datePublished\":\"2025-11-06T11:03:39+00:00\",\"dateModified\":\"2026-01-08T12:24:28+00:00\",\"breadcrumb\":{\"@id\":\"https:\/\/www.manuelapequeno.com\/en\/accessibility-statement\/#breadcrumb\"},\"inLanguage\":\"en-US\",\"potentialAction\":[{\"@type\":\"ReadAction\",\"target\":[\"https:\/\/www.manuelapequeno.com\/en\/accessibility-statement\/\"]}]},{\"@type\":\"ImageObject\",\"inLanguage\":\"en-US\",\"@id\":\"https:\/\/www.manuelapequeno.com\/en\/accessibility-statement\/#primaryimage\",\"url\":\"https:\/\/www.profundapsicologia.com\/wp-content\/uploads\/2025\/07\/Plugin-Accesibilidad-Icono-lateral.webp\",\"contentUrl\":\"https:\/\/www.profundapsicologia.com\/wp-content\/uploads\/2025\/07\/Plugin-Accesibilidad-Icono-lateral.webp\"},{\"@type\":\"BreadcrumbList\",\"@id\":\"https:\/\/www.manuelapequeno.com\/en\/accessibility-statement\/#breadcrumb\",\"itemListElement\":[{\"@type\":\"ListItem\",\"position\":1,\"name\":\"Portada\",\"item\":\"https:\/\/www.manuelapequeno.com\/en\/\"},{\"@type\":\"ListItem\",\"position\":2,\"name\":\"Accessibility Statement\"}]},{\"@type\":\"WebSite\",\"@id\":\"http:\/\/www.manuelapequeno.com\/#website\",\"url\":\"http:\/\/www.manuelapequeno.com\/\",\"name\":\"Manuela Peque\u00f1o\",\"description\":\"Traducci\u00f3n e interpretaci\u00f3n\",\"publisher\":{\"@id\":\"http:\/\/www.manuelapequeno.com\/#organization\"},\"potentialAction\":[{\"@type\":\"SearchAction\",\"target\":{\"@type\":\"EntryPoint\",\"urlTemplate\":\"http:\/\/www.manuelapequeno.com\/?s={search_term_string}\"},\"query-input\":{\"@type\":\"PropertyValueSpecification\",\"valueRequired\":true,\"valueName\":\"search_term_string\"}}],\"inLanguage\":\"en-US\"},{\"@type\":\"Organization\",\"@id\":\"http:\/\/www.manuelapequeno.com\/#organization\",\"name\":\"Manuela Peque\u00f1o\",\"url\":\"http:\/\/www.manuelapequeno.com\/\",\"logo\":{\"@type\":\"ImageObject\",\"inLanguage\":\"en-US\",\"@id\":\"http:\/\/www.manuelapequeno.com\/#\/schema\/logo\/image\/\",\"url\":\"https:\/\/www.manuelapequeno.com\/wp-content\/uploads\/2025\/11\/logo4.png\",\"contentUrl\":\"https:\/\/www.manuelapequeno.com\/wp-content\/uploads\/2025\/11\/logo4.png\",\"width\":779,\"height\":779,\"caption\":\"Manuela Peque\u00f1o\"},\"image\":{\"@id\":\"http:\/\/www.manuelapequeno.com\/#\/schema\/logo\/image\/\"},\"sameAs\":[\"https:\/\/www.linkedin.com\/in\/manuela-mara-pequeo-leis-23b54a63\/\"]}]}<\/script>\n<!-- \/ Yoast SEO plugin. -->","yoast_head_json":{"title":"Accessibility Statement - Manuela Peque\u00f1o","robots":{"index":"noindex","follow":"follow"},"og_locale":"en_US","og_type":"article","og_title":"Accessibility Statement - Manuela Peque\u00f1o","og_description":"Manuela Peque\u00f1o is committed to providing a website that is fully accessible to all users, including those who use assistive technologies such as screen readers, screen magnification programmes, and alternative keyboard input devices to navigate the web. Compliance Status This website is &nbsp;partially compliant&nbsp; with RD 1112\/2018 due to the non-compliance of the aspects indicated...","og_url":"https:\/\/www.manuelapequeno.com\/en\/accessibility-statement\/","og_site_name":"Manuela Peque\u00f1o","article_modified_time":"2026-01-08T12:24:28+00:00","og_image":[{"url":"https:\/\/www.profundapsicologia.com\/wp-content\/uploads\/2025\/07\/Plugin-Accesibilidad-Icono-lateral.webp","type":"","width":"","height":""}],"twitter_card":"summary_large_image","twitter_misc":{"Est. reading time":"3 minutes"},"schema":{"@context":"https:\/\/schema.org","@graph":[{"@type":"WebPage","@id":"https:\/\/www.manuelapequeno.com\/en\/accessibility-statement\/","url":"https:\/\/www.manuelapequeno.com\/en\/accessibility-statement\/","name":"Accessibility Statement - Manuela Peque\u00f1o","isPartOf":{"@id":"http:\/\/www.manuelapequeno.com\/#website"},"primaryImageOfPage":{"@id":"https:\/\/www.manuelapequeno.com\/en\/accessibility-statement\/#primaryimage"},"image":{"@id":"https:\/\/www.manuelapequeno.com\/en\/accessibility-statement\/#primaryimage"},"thumbnailUrl":"https:\/\/www.profundapsicologia.com\/wp-content\/uploads\/2025\/07\/Plugin-Accesibilidad-Icono-lateral.webp","datePublished":"2025-11-06T11:03:39+00:00","dateModified":"2026-01-08T12:24:28+00:00","breadcrumb":{"@id":"https:\/\/www.manuelapequeno.com\/en\/accessibility-statement\/#breadcrumb"},"inLanguage":"en-US","potentialAction":[{"@type":"ReadAction","target":["https:\/\/www.manuelapequeno.com\/en\/accessibility-statement\/"]}]},{"@type":"ImageObject","inLanguage":"en-US","@id":"https:\/\/www.manuelapequeno.com\/en\/accessibility-statement\/#primaryimage","url":"https:\/\/www.profundapsicologia.com\/wp-content\/uploads\/2025\/07\/Plugin-Accesibilidad-Icono-lateral.webp","contentUrl":"https:\/\/www.profundapsicologia.com\/wp-content\/uploads\/2025\/07\/Plugin-Accesibilidad-Icono-lateral.webp"},{"@type":"BreadcrumbList","@id":"https:\/\/www.manuelapequeno.com\/en\/accessibility-statement\/#breadcrumb","itemListElement":[{"@type":"ListItem","position":1,"name":"Portada","item":"https:\/\/www.manuelapequeno.com\/en\/"},{"@type":"ListItem","position":2,"name":"Accessibility Statement"}]},{"@type":"WebSite","@id":"http:\/\/www.manuelapequeno.com\/#website","url":"http:\/\/www.manuelapequeno.com\/","name":"Manuela Peque\u00f1o","description":"Traducci\u00f3n e interpretaci\u00f3n","publisher":{"@id":"http:\/\/www.manuelapequeno.com\/#organization"},"potentialAction":[{"@type":"SearchAction","target":{"@type":"EntryPoint","urlTemplate":"http:\/\/www.manuelapequeno.com\/?s={search_term_string}"},"query-input":{"@type":"PropertyValueSpecification","valueRequired":true,"valueName":"search_term_string"}}],"inLanguage":"en-US"},{"@type":"Organization","@id":"http:\/\/www.manuelapequeno.com\/#organization","name":"Manuela Peque\u00f1o","url":"http:\/\/www.manuelapequeno.com\/","logo":{"@type":"ImageObject","inLanguage":"en-US","@id":"http:\/\/www.manuelapequeno.com\/#\/schema\/logo\/image\/","url":"https:\/\/www.manuelapequeno.com\/wp-content\/uploads\/2025\/11\/logo4.png","contentUrl":"https:\/\/www.manuelapequeno.com\/wp-content\/uploads\/2025\/11\/logo4.png","width":779,"height":779,"caption":"Manuela Peque\u00f1o"},"image":{"@id":"http:\/\/www.manuelapequeno.com\/#\/schema\/logo\/image\/"},"sameAs":["https:\/\/www.linkedin.com\/in\/manuela-mara-pequeo-leis-23b54a63\/"]}]}},"_links":{"self":[{"href":"https:\/\/www.manuelapequeno.com\/en\/wp-json\/wp\/v2\/pages\/2290","targetHints":{"allow":["GET"]}}],"collection":[{"href":"https:\/\/www.manuelapequeno.com\/en\/wp-json\/wp\/v2\/pages"}],"about":[{"href":"https:\/\/www.manuelapequeno.com\/en\/wp-json\/wp\/v2\/types\/page"}],"author":[{"embeddable":true,"href":"https:\/\/www.manuelapequeno.com\/en\/wp-json\/wp\/v2\/users\/1"}],"replies":[{"embeddable":true,"href":"https:\/\/www.manuelapequeno.com\/en\/wp-json\/wp\/v2\/comments?post=2290"}],"version-history":[{"count":1,"href":"https:\/\/www.manuelapequeno.com\/en\/wp-json\/wp\/v2\/pages\/2290\/revisions"}],"predecessor-version":[{"id":2311,"href":"https:\/\/www.manuelapequeno.com\/en\/wp-json\/wp\/v2\/pages\/2290\/revisions\/2311"}],"wp:attachment":[{"href":"https:\/\/www.manuelapequeno.com\/en\/wp-json\/wp\/v2\/media?parent=2290"}],"curies":[{"name":"wp","href":"https:\/\/api.w.org\/{rel}","templated":true}]}}